{"id":21,"date":"2025-04-21T00:34:03","date_gmt":"2025-04-21T00:34:03","guid":{"rendered":"https:\/\/drnguyenhaidoan.com\/?page_id=21"},"modified":"2025-04-21T00:55:26","modified_gmt":"2025-04-21T00:55:26","slug":"nguyen-hai-doan","status":"publish","type":"page","link":"https:\/\/drnguyenhaidoan.com\/","title":{"rendered":"NGUY\u1ec4N H\u1ea2I \u0110O\u00c0N"},"content":{"rendered":"\n<p>Ng\u00e0y sinh: 15\/03\/1995<\/p>\n\n\n\n<p>Qu\u00ea qu\u00e1n: S\u00f3c S\u01a1n, H\u00e0 N\u1ed9i<\/p>\n\n\n\n<p>H\u1ecdc v\u1ea5n: T\u1ed1t nghi\u1ec7p b\u00e1c s\u0129 y h\u1ecdc c\u1ed5 truy\u1ec1n t\u1ea1i H\u1ecdc vi\u1ec7n Y D\u01b0\u1ee3c h\u1ecdc c\u1ed5 truy\u1ec1n Vi\u1ec7t Nam.<\/p>\n\n\n\n<h3 class=\"wp-block-heading\">\ud83c\udf3f <strong>Gi\u1edbi thi\u1ec7u v\u1ec1 Dr. Nguy\u1ec5n H\u1ea3i \u0110o\u00e0n<\/strong><\/h3>\n\n\n\n<p><strong>B\u00e1c s\u0129 Nguy\u1ec5n H\u1ea3i \u0110o\u00e0n<\/strong> l\u00e0 chuy\u00ean gia Y h\u1ecdc c\u1ed5 truy\u1ec1n, v\u1edbi th\u1ebf m\u1ea1nh k\u1ebft h\u1ee3p nhu\u1ea7n nhuy\u1ec5n gi\u1eefa <strong>\u0110\u00f4ng y truy\u1ec1n th\u1ed1ng<\/strong> v\u00e0 <strong>T\u00e2y y hi\u1ec7n \u0111\u1ea1i<\/strong> trong ch\u1ea9n \u0111o\u00e1n v\u00e0 \u0111i\u1ec1u tr\u1ecb c\u00e1c b\u1ec7nh l\u00fd <strong>c\u01a1 x\u01b0\u01a1ng kh\u1edbp<\/strong>.<\/p>\n\n\n\n<p>V\u1edbi h\u01a1n 10 n\u0103m kinh nghi\u1ec7m trong l\u0129nh v\u1ef1c y h\u1ecdc ph\u1ee5c h\u1ed3i v\u00e0 \u0111i\u1ec1u tr\u1ecb kh\u00f4ng d\u00f9ng thu\u1ed1c, b\u00e1c s\u0129 \u0110o\u00e0n \u0111\u00e3 gi\u00fap h\u00e0ng ng\u00e0n b\u1ec7nh nh\u00e2n tho\u00e1t kh\u1ecfi nh\u1eefng c\u01a1n \u0111au m\u00e3n t\u00ednh, ph\u1ee5c h\u1ed3i v\u1eadn \u0111\u1ed9ng v\u00e0 n\u00e2ng cao ch\u1ea5t l\u01b0\u1ee3ng cu\u1ed9c s\u1ed1ng.<\/p>\n\n\n\n<blockquote class=\"wp-block-quote is-layout-flow wp-block-quote-is-layout-flow\">\n<p>\u201cCh\u1eefa b\u1ec7nh kh\u00f4ng ch\u1ec9 l\u00e0 tr\u1ecb tri\u1ec7u ch\u1ee9ng, m\u00e0 l\u00e0 kh\u01a1i th\u00f4ng d\u00f2ng ch\u1ea3y sinh kh\u00ed, c\u00e2n b\u1eb1ng l\u1ea1i c\u01a1 th\u1ec3 \u2013 tinh th\u1ea7n \u2013 kh\u00ed huy\u1ebft.\u201d<\/p>\n<\/blockquote>\n\n\n\n<h4 class=\"wp-block-heading\"><strong>Chuy\u00ean m\u00f4n &amp; D\u1ecbch v\u1ee5 n\u1ed5i b\u1eadt:<\/strong><\/h4>\n\n\n\n<ul class=\"wp-block-list\">\n<li>Ch\u00e2m c\u1ee9u, b\u1ea5m huy\u1ec7t tr\u1ecb \u0111au c\u1ed5 vai g\u00e1y, l\u01b0ng, tho\u00e1t v\u1ecb \u0111\u0129a \u0111\u1ec7m<\/li>\n\n\n\n<li>Ph\u1ee5c h\u1ed3i ch\u1ee9c n\u0103ng sau tai bi\u1ebfn, tho\u00e1i h\u00f3a kh\u1edbp<\/li>\n\n\n\n<li>\u0110i\u1ec1u tr\u1ecb m\u1ea5t ng\u1ee7, r\u1ed1i lo\u1ea1n th\u1ea7n kinh th\u1ef1c v\u1eadt, r\u1ed1i lo\u1ea1n ti\u00eau h\u00f3a b\u1eb1ng \u0110\u00f4ng y<\/li>\n\n\n\n<li>T\u01b0 v\u1ea5n ch\u1ebf \u0111\u1ed9 dinh d\u01b0\u1ee1ng, luy\u1ec7n t\u1eadp k\u1ebft h\u1ee3p li\u1ec7u ph\u00e1p t\u1ef1 nhi\u00ean<\/li>\n<\/ul>\n\n\n\n<h4 class=\"wp-block-heading\"><strong>S\u1ee9 m\u1ec7nh &amp; T\u1ea7m nh\u00ecn<\/strong><\/h4>\n\n\n\n<p>B\u00e1c s\u0129 \u0110o\u00e0n mong mu\u1ed1n x\u00e2y d\u1ef1ng m\u1ed9t h\u1ec7 sinh th\u00e1i ch\u0103m s\u00f3c s\u1ee9c kh\u1ecfe to\u00e0n di\u1ec7n \u2013 n\u01a1i y h\u1ecdc c\u1ed5 truy\u1ec1n kh\u00f4ng ch\u1ec9 ch\u1eefa b\u1ec7nh m\u00e0 c\u00f2n gi\u00fap con ng\u01b0\u1eddi s\u1ed1ng kh\u1ecfe, s\u1ed1ng s\u00e2u v\u00e0 s\u1ed1ng ch\u1ea5t l\u01b0\u1ee3ng h\u01a1n m\u1ed7i ng\u00e0y.<\/p>\n","protected":false},"excerpt":{"rendered":"<p>Ng\u00e0y sinh: 15\/03\/1995 Qu\u00ea qu\u00e1n: S\u00f3c S\u01a1n, H\u00e0 N\u1ed9i H\u1ecdc v\u1ea5n: T\u1ed1t nghi\u1ec7p b\u00e1c s\u0129 y h\u1ecdc c\u1ed5 truy\u1ec1n t\u1ea1i [&hellip;]<\/p>\n","protected":false},"author":1,"featured_media":30,"parent":0,"menu_order":0,"comment_status":"closed","ping_status":"closed","template":"","meta":{"site-sidebar-layout":"default","site-content-layout":"","ast-site-content-layout":"","site-content-style":"default","site-sidebar-style":"default","ast-global-header-display":"","ast-banner-title-visibility":"","ast-main-header-display":"","ast-hfb-above-header-display":"","ast-hfb-below-header-display":"","ast-hfb-mobile-header-display":"","site-post-title":"","ast-breadcrumbs-content":"","ast-featured-img":"","footer-sml-layout":"","theme-transparent-header-meta":"","adv-header-id-meta":"","stick-header-meta":"","header-above-stick-meta":"","header-main-stick-meta":"","header-below-stick-meta":"","astra-migrate-meta-layouts":"default","ast-page-background-enabled":"default","ast-page-background-meta":{"desktop":{"background-color":"var(--ast-global-color-5)","background-image":"","background-repeat":"repeat","background-position":"center center","background-size":"auto","background-attachment":"scroll","background-type":"","background-media":"","overlay-type":"","overlay-color":"","overlay-opacity":"","overlay-gradient":""},"tablet":{"background-color":"","background-image":"","background-repeat":"repeat","background-position":"center center","background-size":"auto","background-attachment":"scroll","background-type":"","background-media":"","overlay-type":"","overlay-color":"","overlay-opacity":"","overlay-gradient":""},"mobile":{"background-color":"","background-image":"","background-repeat":"repeat","background-position":"center center","background-size":"auto","background-attachment":"scroll","background-type":"","background-media":"","overlay-type":"","overlay-color":"","overlay-opacity":"","overlay-gradient":""}},"ast-content-background-meta":{"desktop":{"background-color":"var(--ast-global-color-4)","background-image":"","background-repeat":"repeat","background-position":"center center","background-size":"auto","background-attachment":"scroll","background-type":"","background-media":"","overlay-type":"","overlay-color":"","overlay-opacity":"","overlay-gradient":""},"tablet":{"background-color":"var(--ast-global-color-4)","background-image":"","background-repeat":"repeat","background-position":"center center","background-size":"auto","background-attachment":"scroll","background-type":"","background-media":"","overlay-type":"","overlay-color":"","overlay-opacity":"","overlay-gradient":""},"mobile":{"background-color":"var(--ast-global-color-4)","background-image":"","background-repeat":"repeat","background-position":"center center","background-size":"auto","background-attachment":"scroll","background-type":"","background-media":"","overlay-type":"","overlay-color":"","overlay-opacity":"","overlay-gradient":""}},"footnotes":""},"class_list":["post-21","page","type-page","status-publish","has-post-thumbnail","hentry"],"_links":{"self":[{"href":"https:\/\/drnguyenhaidoan.com\/index.php\/wp-json\/wp\/v2\/pages\/21","targetHints":{"allow":["GET"]}}],"collection":[{"href":"https:\/\/drnguyenhaidoan.com\/index.php\/wp-json\/wp\/v2\/pages"}],"about":[{"href":"https:\/\/drnguyenhaidoan.com\/index.php\/wp-json\/wp\/v2\/types\/page"}],"author":[{"embeddable":true,"href":"https:\/\/drnguyenhaidoan.com\/index.php\/wp-json\/wp\/v2\/users\/1"}],"replies":[{"embeddable":true,"href":"https:\/\/drnguyenhaidoan.com\/index.php\/wp-json\/wp\/v2\/comments?post=21"}],"version-history":[{"count":2,"href":"https:\/\/drnguyenhaidoan.com\/index.php\/wp-json\/wp\/v2\/pages\/21\/revisions"}],"predecessor-version":[{"id":27,"href":"https:\/\/drnguyenhaidoan.com\/index.php\/wp-json\/wp\/v2\/pages\/21\/revisions\/27"}],"wp:featuredmedia":[{"embeddable":true,"href":"https:\/\/drnguyenhaidoan.com\/index.php\/wp-json\/wp\/v2\/media\/30"}],"wp:attachment":[{"href":"https:\/\/drnguyenhaidoan.com\/index.php\/wp-json\/wp\/v2\/media?parent=21"}],"curies":[{"name":"wp","href":"https:\/\/api.w.org\/{rel}","templated":true}]}}